{"id":27605,"date":"2024-04-10T14:40:29","date_gmt":"2024-04-10T17:40:29","guid":{"rendered":"http:\/\/fjjro.com.br\/novo\/?page_id=27605"},"modified":"2025-10-02T13:51:21","modified_gmt":"2025-10-02T16:51:21","slug":"kids-2024","status":"publish","type":"page","link":"https:\/\/fjjro.com.br\/novo\/kids-2024\/","title":{"rendered":"Kids 2025"},"content":{"rendered":"\n<div class=\"container\">\n  <h2>Atletas Inscritos no Campeonato<\/h2>\n   <a href=\"https:\/\/fjjro.com.br\/novo\/wp-content\/uploads\/2025\/10\/inscricaoporcategoriaKids.pdf\" target=\"_blank\" rel=\"noopener\"><button>Inscri\u00e7\u00e3o por Categoria<\/button><\/a>\n<\/div>\n<p><\/p>\n<hr>\n<p><\/p>\n<p><\/p>\n<hr>\n<p><\/p>\n<center>\n<br>\n<b>CLIQUE NA IMAGEM PARA REALIZAR A INSCRI\u00c7\u00c3O<\/b>\n<br>\n<a href=\"https:\/\/www.fjjro.com.br\/campeonatos\/estadualKids\/index.php\" target=\"_blank\" rel=\"noopener\">\n<figure class=\"wp-block-image size-large is-resized\">\n   <img decoding=\"async\" loading=\"lazy\" src=\"https:\/\/fjjro.com.br\/novo\/wp-content\/uploads\/2025\/08\/KIDS.jpeg\" alt=\"\" class=\"wp-image-27128\" width=\"512\" height=\"241\">\n<\/figure>\n<\/a>\n<\/center>\n\n\n\n<p class=\"has-medium-font-size\"><strong>ESTADUAL KIDS DE JIU-JITSU 2025<br><\/strong><br><strong>Localiza\u00e7\u00e3o:<\/strong>   <br>    Gin\u00e1sio Claudio Coutinho, &nbsp;Olaria, Porto Velho &#8211; RO, 76801-016,  Brasil.<br><\/p>\n\n\n\n<p><strong>Entrada aberto para o p\u00fablico<\/strong><\/p>\n\n\n\n<p><\/p>\n\n\n\n<p><strong>DOS PRAZO E DATAS<\/strong><br>* Registro e Altera\u00e7\u00e3o de registro at\u00e9 o dia 03\/10<br>* Inscri\u00e7\u00f5es at\u00e9 o dia 06\/10<br>* Altera\u00e7\u00e3o de categoria at\u00e9 o dia 08\/10<br><strong>* Ap\u00f3s o vencimento todas INSCRI\u00c7\u00d5ES pendentes de pagamento ser\u00e3o canceladas<\/strong><\/p>\n\n\n\n<p><\/p>\n\n\n\n<p><strong>IMPORTANTE \u2013 DO LIMITE GERAL DE INSCRI\u00c7\u00d5ES*<\/strong><\/p>\n\n\n\n<p>\u2022 Procuramos acomodar o m\u00e1ximo de atletas poss\u00edveis em nossos eventos, mas h\u00e1 um limite de atletas para garantir um evento de alta qualidade. Para esse Estadual Kids o limite \u00e9 de 500 atletas inscritos at\u00e9 15 anos de idade;<\/p>\n\n\n\n<p>\u2022 A FJJRO se reserva no direito de fechar as inscri\u00e7\u00f5es quando atingirmos, ou a capacidade m\u00e1xima (500 atletas), ou no dia marcado para o encerramento (01 de junho de 2024), o que vier primeiro.<\/p>\n\n\n\n<p><\/p>\n\n\n\n<p><strong>INFORMA\u00c7\u00d5ES ADICIONAIS<\/strong><\/p>\n\n\n\n<p>\u2022 \u00c9 de responsabilidade de cada atleta ter conhecimento das regras e diretrizes relativas ao esporte (como real\u00e7ado no livro de regras da IBJJF).<\/p>\n\n\n\n<p>\u2022 Antes de cada luta, o atleta dever\u00e1 apresentar um documento oficial com foto para o coordenador. Tenha-o em m\u00e3os.<\/p>\n\n\n\n<p>\u2022 Atletas menores de 15 anos que usem faixas que n\u00e3o existem para sua faixa et\u00e1ria, de acordo o Sistema Geral de Gradua\u00e7\u00e3o da IBJJF\/FJJRO, somente ser\u00e3o autorizados a lutar em uma faixa regular condizente com sua categoria de idade.<\/p>\n\n\n\n<p>\u2022 N\u00e3o \u00e9 permitido o uso de bandeiras ou cartazes que estejam fora das diretrizes, regras e premissas estipuladas do evento.<\/p>\n\n\n\n<p><\/p>\n\n\n\n<p><strong>DAS MEDALHAS<\/strong><\/p>\n\n\n\n<p>\u2022 Atletas que ficarem em 1\u00b0, 2\u00b0 ou 3\u00b0 receber\u00e3o medalha. Todas as medalhas devem ser retiradas no p\u00f3dio do evento.<\/p>\n\n\n\n<p><\/p>\n","protected":false},"excerpt":{"rendered":"<p>Atletas Inscritos no Campeonato Inscri\u00e7\u00e3o por Categoria CLIQUE NA IMAGEM PARA REALIZAR A INSCRI\u00c7\u00c3O ESTADUAL KIDS DE JIU-JITSU 2025Localiza\u00e7\u00e3o: Gin\u00e1sio Claudio Coutinho, &nbsp;Olaria, Porto Velho &#8211; RO, 76801-016, Brasil. Entrada aberto para o p\u00fablico DOS PRAZO E DATAS* Registro e Altera\u00e7\u00e3o de registro at\u00e9 o dia 03\/10* Inscri\u00e7\u00f5es at\u00e9 o dia 06\/10* Altera\u00e7\u00e3o de categoria [&hellip;]<\/p>\n","protected":false},"author":1,"featured_media":27935,"parent":0,"menu_order":0,"comment_status":"closed","ping_status":"closed","template":"","meta":[],"_links":{"self":[{"href":"https:\/\/fjjro.com.br\/novo\/wp-json\/wp\/v2\/pages\/27605"}],"collection":[{"href":"https:\/\/fjjro.com.br\/novo\/wp-json\/wp\/v2\/pages"}],"about":[{"href":"https:\/\/fjjro.com.br\/novo\/wp-json\/wp\/v2\/types\/page"}],"author":[{"embeddable":true,"href":"https:\/\/fjjro.com.br\/novo\/wp-json\/wp\/v2\/users\/1"}],"replies":[{"embeddable":true,"href":"https:\/\/fjjro.com.br\/novo\/wp-json\/wp\/v2\/comments?post=27605"}],"version-history":[{"count":17,"href":"https:\/\/fjjro.com.br\/novo\/wp-json\/wp\/v2\/pages\/27605\/revisions"}],"predecessor-version":[{"id":27981,"href":"https:\/\/fjjro.com.br\/novo\/wp-json\/wp\/v2\/pages\/27605\/revisions\/27981"}],"wp:featuredmedia":[{"embeddable":true,"href":"https:\/\/fjjro.com.br\/novo\/wp-json\/wp\/v2\/media\/27935"}],"wp:attachment":[{"href":"https:\/\/fjjro.com.br\/novo\/wp-json\/wp\/v2\/media?parent=27605"}],"curies":[{"name":"wp","href":"https:\/\/api.w.org\/{rel}","templated":true}]}}