{"id":27596,"date":"2024-04-10T14:15:27","date_gmt":"2024-04-10T17:15:27","guid":{"rendered":"http:\/\/fjjro.com.br\/novo\/?page_id=27596"},"modified":"2025-10-07T11:55:29","modified_gmt":"2025-10-07T14:55:29","slug":"estadual-no-gi-2024","status":"publish","type":"page","link":"https:\/\/fjjro.com.br\/novo\/estadual-no-gi-2024\/","title":{"rendered":"Estadual No Gi 2025"},"content":{"rendered":"\n<div class=\"container\">\n  <h2>Atletas Inscritos no Campeonato<\/h2>\n   <a href=\"https:\/\/fjjro.com.br\/novo\/wp-content\/uploads\/2025\/10\/inscricaoporcategoriaNOGI.pdf\" target=\"_blank\" rel=\"noopener\"><button>Inscri\u00e7\u00e3o por Categoria<\/button><\/a>\n<\/div>\n<p><\/p>\n<hr>\n<p><\/p>\n<p><\/p>\n<hr>\n<p><\/p>\n<center>\n<br>\n<b>CLIQUE NA IMAGEM PARA REALIZAR A INSCRI\u00c7\u00c3O<\/b>\n<br>\n<a href=\"https:\/\/www.fjjro.com.br\/campeonatos\/estadualNOGI\/index.php\" target=\"_blank\" rel=\"noopener\">\n<figure class=\"wp-block-image size-large is-resized\">\n   <img decoding=\"async\" loading=\"lazy\" src=\"https:\/\/fjjro.com.br\/novo\/wp-content\/uploads\/2025\/08\/BANNER-NO-GI-SITE-1.jpeg\" alt=\"\" class=\"wp-image-27128\" \n   width=\"512\" height=\"241\">\n<\/figure>\n<\/a>\n<\/center>\n\n\n\n<p>                     <\/p>\n\n\n\n<p><strong>DOS PRAZO E DATAS<\/strong><br>* Registro e Altera\u00e7\u00e3o de registro at\u00e9 o dia 03\/10<br>* Inscri\u00e7\u00f5es at\u00e9 o dia 06\/10<br>* Altera\u00e7\u00e3o de categoria at\u00e9 o dia 08\/10<br><strong>* Ap\u00f3s o vencimento todas INSCRI\u00c7\u00d5ES pendentes de pagamento ser\u00e3o canceladas<\/strong><\/p>\n\n\n\n<p><\/p>\n\n\n\n<p><strong>IMPORTANTE \u2013 DO LIMITE GERAL DE INSCRI\u00c7\u00d5ES*<\/strong><\/p>\n\n\n\n<p>\u2022 Procuramos acomodar o m\u00e1ximo de atletas poss\u00edveis em nossos eventos, mas h\u00e1 um limite de atletas para garantir um evento de alta qualidade. Para esse Estadual NO GI de Jiu-Jitsu o limite \u00e9 de 500 atletas inscritos;<\/p>\n\n\n\n<p>\u2022 A FJJRO se reserva no direito de fechar as inscri\u00e7\u00f5es quando atingirmos, ou a capacidade m\u00e1xima (500 atletas), ou no dia marcado para o encerramento (03 de Outubro de 2025), o que vier primeiro.<\/p>\n\n\n\n<p><strong>\u2022 Campeonato exclusivo para atletas acima de 14 anos de idade.<\/strong><\/p>\n\n\n\n<p><strong>INFORMA\u00c7\u00d5ES ADICIONAIS<\/strong><\/p>\n\n\n\n<p>\u2022 \u00c9 de responsabilidade de cada atleta ter conhecimento das regras e diretrizes relativas ao esporte (como real\u00e7ado no livro de regras da IBJJF).<\/p>\n\n\n\n<p>\u2022 Antes de cada luta, o atleta dever\u00e1 apresentar um documento oficial com foto para o coordenador. Tenha-o em m\u00e3os.<\/p>\n\n\n\n<p>\u2022 Atletas maiores de 15 anos que usem faixas que n\u00e3o existem para sua faixa et\u00e1ria, de acordo o Sistema Geral de Gradua\u00e7\u00e3o da IBJJF\/FJJRO, somente ser\u00e3o autorizados a lutar em uma faixa regular condizente com sua categoria de idade.<\/p>\n\n\n\n<p>\u2022 N\u00e3o \u00e9 permitido o uso de bandeiras ou cartazes que estejam fora das diretrizes, regras e premissas estipuladas do evento.<\/p>\n\n\n\n<p><strong>DO ABSOLUTO<\/strong><br><\/p>\n\n\n\n<p><strong>Premia\u00e7\u00e3o do Absoluto:<\/strong><\/p>\n\n\n\n<p>Quantidade m\u00ednima para pagamento da Categoria Absoluto Masculino e Feminino, 8 Atletas<br><strong>Valor: 500,00 Campe\u00e3o e 200,00 vice-campe\u00e3o<\/strong><\/p>\n\n\n\n<p><strong>Faixa Azul<\/strong><br>Adulto &#8211; 700,00<br>Master 1 &#8211; 700,00<\/p>\n\n\n\n<p><strong>Faixa Roxa<\/strong><br>Adulto &#8211; 700,00<br>Master 1 &#8211; 700,00<\/p>\n\n\n\n<p><strong>Faixa Marrom<\/strong><br>Adulto &#8211; 700,00<br>Master 1 &#8211; 700,00<\/p>\n\n\n\n<p><strong>Faixa Preta<\/strong><br>Adulto &#8211; 700,00<br>Master 1 &#8211; 700,00<br>Master 2 &#8211; 700,00<br>Master (3,4,5,6) &#8211; 700,00<\/p>\n\n\n\n<p>Como se inscrever no absoluto?<\/p>\n\n\n\n<p>\u2022 Os atletas dever\u00e3o se inscrever na mesa de inscri\u00e7\u00e3o do Absoluto. A inscri\u00e7\u00e3o dever\u00e1 ser feita em at\u00e9 15 minutos ap\u00f3s o atleta receber sua medalha ou em outro momento a ser divulgado no sistema de som da competi\u00e7\u00e3o, conforme a necessidade. Atletas n\u00e3o poder\u00e3o se inscrever ap\u00f3s o encerramento das inscri\u00e7\u00f5es de suas categorias.<\/p>\n\n\n\n<p>\u2022 Cada academia pode ter somente 2 atletas por categoria Absoluto. Esta regra n\u00e3o impede que voc\u00ea se inscreva no evento.<\/p>\n\n\n\n<p>\u2022 Qualquer informa\u00e7\u00e3o falsa emitida durante a inscri\u00e7\u00e3o, como data de nascimento, mas n\u00e3o limitada a isso somente, pode levar \u00e0 desclassifica\u00e7\u00e3o imediata. Tais a\u00e7\u00f5es est\u00e3o sujeitas a suspens\u00e3o ou at\u00e9 mesmo banimento em futuros eventos da FJJRO.<br><br>\u2022 <strong>No caso do fechamento da primeira coloca\u00e7\u00e3o do Absoluto, ambos os atletas n\u00e3o receber\u00e3o o valor da premia\u00e7\u00e3o em Dinheiro, somente as Medalhas de Primeiro e Segundo colocado.<\/strong><\/p>\n\n\n\n<p><\/p>\n\n\n\n<p><strong>DAS MEDALHAS<\/strong><\/p>\n\n\n\n<p>\u2022 Atletas que ficarem em 1\u00b0, 2\u00b0 ou 3\u00b0 receber\u00e3o medalha. Todas as medalhas devem ser retiradas no p\u00f3dio do evento.<\/p>\n\n\n\n<p><strong>PROTOCOLO DE SEGURAN\u00c7A CONTRA COVID-19<\/strong><\/p>\n\n\n\n<p>\u2022 Recomenda-se que os competidores adentrem no gin\u00e1sio apenas no dia em que competem.<\/p>\n\n\n\n<p>\u2022 Todos ser\u00e3o orientados a deixar o gin\u00e1sio ap\u00f3s a participa\u00e7\u00e3o do atleta no evento.<\/p>\n\n\n\n<p>\u2022 Com o intuito de manter a capacidade m\u00e1xima de pessoas no gin\u00e1sio dentro dos limites, a organiza\u00e7\u00e3o pede que os atletas cheguem no gin\u00e1sio uma hora e meia antes do hor\u00e1rio programado para o in\u00edcio da categoria, considerando que o atleta deve estar pronto para lutar uma hora antes do hor\u00e1rio programado para o in\u00edcio de sua categoria, no caso das lutas acontecerem antes do hor\u00e1rio previamente programado.<\/p>\n\n\n\n<p>Devido a din\u00e2mica da situa\u00e7\u00e3o atual, estamos avaliando diariamente as recomenda\u00e7\u00f5es dos \u00d3rg\u00e3os de Sa\u00fade.<\/p>\n\n\n\n<p>Caso o evento seja cancelado por for\u00e7a maior, todas as inscri\u00e7\u00f5es ser\u00e3o automaticamente reembolsadas.<\/p>\n\n\n\n<p>Se voc\u00ea n\u00e3o se sentir confort\u00e1vel diante dos riscos desta pandemia, sua inscri\u00e7\u00e3o pode ser reembolsada caso o requerimento seja feito antes do prazo de encerramento das inscri\u00e7\u00f5es.<\/p>\n\n\n\n<p>A FJJRO n\u00e3o \u00e9 respons\u00e1vel pelos demais custos dos participantes, tais como transporte e hospedagem.<\/p>\n\n\n\n<p><strong>DIRETRIZES DO GIN\u00c1SIO<\/strong><\/p>\n\n\n\n<p>\u2022 Para a seguran\u00e7a de todos, por favor verifique sua temperatura antes de se dirigir ao evento. Caso haja qualquer sintoma dos relacionados \u00e0 COVID, procure um m\u00e9dico.<\/p>\n\n\n\n<p>\u2022 Caso voc\u00ea se sinta indisposto ou esteve em contato com um paciente diagnosticado com Covid-19, por favor fique em casa e procure seu m\u00e9dico.<\/p>\n\n\n\n<p>\u2022 Todo nosso material ser\u00e1 desinfetado antes e durante o evento.<\/p>\n\n\n\n<p>\u2022 O uso de m\u00e1scara \u00e9 recomendado dentro do gin\u00e1sio.<\/p>\n","protected":false},"excerpt":{"rendered":"<p>Atletas Inscritos no Campeonato Inscri\u00e7\u00e3o por Categoria CLIQUE NA IMAGEM PARA REALIZAR A INSCRI\u00c7\u00c3O DOS PRAZO E DATAS* Registro e Altera\u00e7\u00e3o de registro at\u00e9 o dia 03\/10* Inscri\u00e7\u00f5es at\u00e9 o dia 06\/10* Altera\u00e7\u00e3o de categoria at\u00e9 o dia 08\/10* Ap\u00f3s o vencimento todas INSCRI\u00c7\u00d5ES pendentes de pagamento ser\u00e3o canceladas IMPORTANTE \u2013 DO LIMITE GERAL DE [&hellip;]<\/p>\n","protected":false},"author":1,"featured_media":27954,"parent":0,"menu_order":0,"comment_status":"closed","ping_status":"closed","template":"","meta":[],"_links":{"self":[{"href":"https:\/\/fjjro.com.br\/novo\/wp-json\/wp\/v2\/pages\/27596"}],"collection":[{"href":"https:\/\/fjjro.com.br\/novo\/wp-json\/wp\/v2\/pages"}],"about":[{"href":"https:\/\/fjjro.com.br\/novo\/wp-json\/wp\/v2\/types\/page"}],"author":[{"embeddable":true,"href":"https:\/\/fjjro.com.br\/novo\/wp-json\/wp\/v2\/users\/1"}],"replies":[{"embeddable":true,"href":"https:\/\/fjjro.com.br\/novo\/wp-json\/wp\/v2\/comments?post=27596"}],"version-history":[{"count":18,"href":"https:\/\/fjjro.com.br\/novo\/wp-json\/wp\/v2\/pages\/27596\/revisions"}],"predecessor-version":[{"id":27984,"href":"https:\/\/fjjro.com.br\/novo\/wp-json\/wp\/v2\/pages\/27596\/revisions\/27984"}],"wp:featuredmedia":[{"embeddable":true,"href":"https:\/\/fjjro.com.br\/novo\/wp-json\/wp\/v2\/media\/27954"}],"wp:attachment":[{"href":"https:\/\/fjjro.com.br\/novo\/wp-json\/wp\/v2\/media?parent=27596"}],"curies":[{"name":"wp","href":"https:\/\/api.w.org\/{rel}","templated":true}]}}