{"id":27343,"date":"2023-06-22T11:20:59","date_gmt":"2023-06-22T14:20:59","guid":{"rendered":"http:\/\/fjjro.com.br\/novo\/?page_id=27343"},"modified":"2023-09-01T11:59:39","modified_gmt":"2023-09-01T14:59:39","slug":"estadual-no-gi-2023","status":"publish","type":"page","link":"https:\/\/fjjro.com.br\/novo\/estadual-no-gi-2023\/","title":{"rendered":"Estadual No Gi 2023"},"content":{"rendered":"\n<div class=\"container\">\n  <h2>Atletas Inscritos no Campeonato<\/h2>\n   <a href=\"https:\/\/fjjro.com.br\/novo\/wp-content\/uploads\/2023\/09\/inscricaoporcategoria.pdf\" target=\"_blank\" rel=\"noopener\"><button>Inscri\u00e7\u00e3o por Categoria<\/button><\/a>\n<\/div>\n<p><\/p>\n<hr>\n<p><\/p>\n\n\n\n<center>\n<br>\n<b>CLIQUE NA IMAGEM PARA REALIZAR A INSCRI\u00c7\u00c3O<\/b>\n<br>\n<a href=\"http:\/\/fjjro.com.br\/campeonatos\/EstadualNOGI2023\/\" target=\"_blank\" rel=\"noopener\">\n<figure class=\"wp-block-image size-large is-resized\"><img decoding=\"async\" loading=\"lazy\" src=\"https:\/\/fjjro.com.br\/novo\/wp-content\/uploads\/2023\/06\/Banner-NoGi.jpeg\" alt=\"\" class=\"wp-image-27128\" width=\"512\" height=\"241\"><\/figure>\n<\/a>\n<\/center>\n\n\n\n<p><strong>ESTADUAL NO GI DE JIU-JITSU 2023<br><\/strong><br><strong>Localiza\u00e7\u00e3o:<\/strong>   <br>    Gin\u00e1sio Claudio Coutinho, &nbsp;Olaria, Porto Velho &#8211; RO, 76801-016,  Brasil.<br>    Data: 09 e 10 de Setembro 2023<br><br><strong>Pre\u00e7os<\/strong>        <strong>              <br><\/strong>       R$ 100,00 at\u00e9 14 de julho 2023                 <br>       R$ 120,00 at\u00e9  18 de agosto de 2023                 <br>       R$ 150,00 at\u00e9 01 de setembro de 2023 <\/p>\n\n\n\n<p><strong>Entrada aberto para o p\u00fablico<\/strong>                     <\/p>\n\n\n\n<p><strong>DOS PRAZO E DATAS<\/strong><br>* Registro e Altera\u00e7\u00e3o de registro at\u00e9 o dia 31\/08<br>* Inscri\u00e7\u00f5es at\u00e9 o dia 01\/09<br>* Altera\u00e7\u00e3o de categoria at\u00e9 o dia 04\/09<br><strong>* Ap\u00f3s o vencimento todas INSCRI\u00c7\u00d5ES pendentes de pagamento ser\u00e3o canceladas<\/strong><\/p>\n\n\n\n<p><\/p>\n\n\n\n<p><strong>IMPORTANTE \u2013 DO LIMITE GERAL DE INSCRI\u00c7\u00d5ES*<\/strong><\/p>\n\n\n\n<p>\u2022 Procuramos acomodar o m\u00e1ximo de atletas poss\u00edveis em nossos eventos, mas h\u00e1 um limite de atletas para garantir um evento de alta qualidade. Para esse Estadual NO GI de Jiu-Jitsu o limite \u00e9 de 500 atletas inscritos maiores de 14 anos de idade;<\/p>\n\n\n\n<p>\u2022 A FJJRO se reserva no direito de fechar as inscri\u00e7\u00f5es quando atingirmos, ou a capacidade m\u00e1xima (500 atletas), ou no dia marcado para o encerramento (01 de setembro de 2023), o que vier primeiro.<\/p>\n\n\n\n<p><\/p>\n\n\n\n<p><strong>INFORMA\u00c7\u00d5ES ADICIONAIS<\/strong><\/p>\n\n\n\n<p>\u2022 \u00c9 de responsabilidade de cada atleta ter conhecimento das regras e diretrizes relativas ao esporte (como real\u00e7ado no livro de regras da IBJJF).<\/p>\n\n\n\n<p>\u2022 Antes de cada luta, o atleta dever\u00e1 apresentar um documento oficial com foto para o coordenador. Tenha-o em m\u00e3os.<\/p>\n\n\n\n<p>\u2022 Atletas maiores de 15 anos que usem faixas que n\u00e3o existem para sua faixa et\u00e1ria, de acordo o Sistema Geral de Gradua\u00e7\u00e3o da IBJJF\/FJJRO, somente ser\u00e3o autorizados a lutar em uma faixa regular condizente com sua categoria de idade.<\/p>\n\n\n\n<p>\u2022 N\u00e3o \u00e9 permitido o uso de bandeiras ou cartazes que estejam fora das diretrizes, regras e premissas estipuladas do evento.<\/p>\n\n\n\n<p><strong>DO ABSOLUTO<\/strong><\/p>\n\n\n\n<p>Como se inscrever no absoluto?<\/p>\n\n\n\n<p>\u2022 Os atletas dever\u00e3o se inscrever na mesa de inscri\u00e7\u00e3o do Absoluto. A inscri\u00e7\u00e3o dever\u00e1 ser feita em at\u00e9 15 minutos ap\u00f3s o atleta receber sua medalha ou em outro momento a ser divulgado no sistema de som da competi\u00e7\u00e3o, conforme a necessidade. Atletas n\u00e3o poder\u00e3o se inscrever ap\u00f3s o encerramento das inscri\u00e7\u00f5es de suas categorias.<\/p>\n\n\n\n<p>\u2022 Cada academia pode ter somente 2 atletas por categoria Absoluto. Esta regra n\u00e3o impede que voc\u00ea se inscreva no evento.<\/p>\n\n\n\n<p>\u2022 Qualquer informa\u00e7\u00e3o falsa emitida durante a inscri\u00e7\u00e3o, como data de nascimento, mas n\u00e3o limitada a isso somente, pode levar \u00e0 desclassifica\u00e7\u00e3o imediata. Tais a\u00e7\u00f5es est\u00e3o sujeitas a suspens\u00e3o ou at\u00e9 mesmo banimento em futuros eventos da FJJRO.<\/p>\n\n\n\n<p><strong>DAS MEDALHAS<\/strong><\/p>\n\n\n\n<p>\u2022 Atletas que ficarem em 1\u00b0, 2\u00b0 ou 3\u00b0 receber\u00e3o medalha. Todas as medalhas devem ser retiradas no p\u00f3dio do evento.<\/p>\n\n\n\n<p><strong>PROTOCOLO DE SEGURAN\u00c7A CONTRA COVID-19<\/strong><\/p>\n\n\n\n<p>\u2022 Recomenda-se que os competidores adentrem no gin\u00e1sio apenas no dia em que competem.<\/p>\n\n\n\n<p>\u2022 Todos ser\u00e3o orientados a deixar o gin\u00e1sio ap\u00f3s a participa\u00e7\u00e3o do atleta no evento.<\/p>\n\n\n\n<p>\u2022 Com o intuito de manter a capacidade m\u00e1xima de pessoas no gin\u00e1sio dentro dos limites, a organiza\u00e7\u00e3o pede que os atletas cheguem no gin\u00e1sio uma hora e meia antes do hor\u00e1rio programado para o in\u00edcio da categoria, considerando que o atleta deve estar pronto para lutar uma hora antes do hor\u00e1rio programado para o in\u00edcio de sua categoria, no caso das lutas acontecerem antes do hor\u00e1rio previamente programado.<\/p>\n\n\n\n<p>Devido a din\u00e2mica da situa\u00e7\u00e3o atual, estamos avaliando diariamente as recomenda\u00e7\u00f5es dos \u00d3rg\u00e3os de Sa\u00fade.<\/p>\n\n\n\n<p>Caso o evento seja cancelado por for\u00e7a maior, todas as inscri\u00e7\u00f5es ser\u00e3o automaticamente reembolsadas.<\/p>\n\n\n\n<p>Se voc\u00ea n\u00e3o se sentir confort\u00e1vel diante dos riscos desta pandemia, sua inscri\u00e7\u00e3o pode ser reembolsada caso o requerimento seja feito antes do prazo de encerramento das inscri\u00e7\u00f5es.<\/p>\n\n\n\n<p>A FJJRO n\u00e3o \u00e9 respons\u00e1vel pelos demais custos dos participantes, tais como transporte e hospedagem.<\/p>\n\n\n\n<p><strong>DIRETRIZES DO GIN\u00c1SIO<\/strong><\/p>\n\n\n\n<p>\u2022 Para a seguran\u00e7a de todos, por favor verifique sua temperatura antes de se dirigir ao evento. Caso haja qualquer sintoma dos relacionados \u00e0 COVID, procure um m\u00e9dico.<\/p>\n\n\n\n<p>\u2022 Caso voc\u00ea se sinta indisposto ou esteve em contato com um paciente diagnosticado com Covid-19, por favor fique em casa e procure seu m\u00e9dico.<\/p>\n\n\n\n<p>\u2022 Todo nosso material ser\u00e1 desinfetado antes e durante o evento.<\/p>\n\n\n\n<p>\u2022 O uso de m\u00e1scara \u00e9 recomendado dentro do gin\u00e1sio.<\/p>\n","protected":false},"excerpt":{"rendered":"<p>Atletas Inscritos no Campeonato Inscri\u00e7\u00e3o por Categoria CLIQUE NA IMAGEM PARA REALIZAR A INSCRI\u00c7\u00c3O ESTADUAL NO GI DE JIU-JITSU 2023Localiza\u00e7\u00e3o: Gin\u00e1sio Claudio Coutinho, &nbsp;Olaria, Porto Velho &#8211; RO, 76801-016, Brasil. Data: 09 e 10 de Setembro 2023 Pre\u00e7os R$ 100,00 at\u00e9 14 de julho 2023 R$ 120,00 at\u00e9 18 de agosto de 2023 R$ 150,00 [&hellip;]<\/p>\n","protected":false},"author":1,"featured_media":27355,"parent":0,"menu_order":0,"comment_status":"closed","ping_status":"closed","template":"","meta":[],"_links":{"self":[{"href":"https:\/\/fjjro.com.br\/novo\/wp-json\/wp\/v2\/pages\/27343"}],"collection":[{"href":"https:\/\/fjjro.com.br\/novo\/wp-json\/wp\/v2\/pages"}],"about":[{"href":"https:\/\/fjjro.com.br\/novo\/wp-json\/wp\/v2\/types\/page"}],"author":[{"embeddable":true,"href":"https:\/\/fjjro.com.br\/novo\/wp-json\/wp\/v2\/users\/1"}],"replies":[{"embeddable":true,"href":"https:\/\/fjjro.com.br\/novo\/wp-json\/wp\/v2\/comments?post=27343"}],"version-history":[{"count":13,"href":"https:\/\/fjjro.com.br\/novo\/wp-json\/wp\/v2\/pages\/27343\/revisions"}],"predecessor-version":[{"id":27424,"href":"https:\/\/fjjro.com.br\/novo\/wp-json\/wp\/v2\/pages\/27343\/revisions\/27424"}],"wp:featuredmedia":[{"embeddable":true,"href":"https:\/\/fjjro.com.br\/novo\/wp-json\/wp\/v2\/media\/27355"}],"wp:attachment":[{"href":"https:\/\/fjjro.com.br\/novo\/wp-json\/wp\/v2\/media?parent=27343"}],"curies":[{"name":"wp","href":"https:\/\/api.w.org\/{rel}","templated":true}]}}