{"id":26088,"date":"2020-11-22T21:29:26","date_gmt":"2020-11-23T01:29:26","guid":{"rendered":"http:\/\/www.fjjro.com.br\/sitenovo\/?page_id=26088"},"modified":"2023-12-28T10:13:38","modified_gmt":"2023-12-28T13:13:38","slug":"diretoria-2","status":"publish","type":"page","link":"https:\/\/fjjro.com.br\/novo\/diretoria-2\/","title":{"rendered":"Diretoria"},"content":{"rendered":"\n<p><\/p>\n\n\n\n<p>Diretoria da FJJRO<\/p>\n\n\n\n<p><\/p>\n\n\n\n<p><strong>PRESIDENTE:<\/strong> GEORGE MARCIO T. SILVA (Fam\u00edlia marcio frank)<br><strong>VICE-PRESIDENTE:<\/strong> CHAIRO OL\u00cdMPIO I. C.\u00a0 ALBUQUERQUE (Ol\u00edmpio\/le\u00e3o de jud\u00e1)<br><strong>1\u00ba SECRET\u00c1RIO:<br>DIRETOR JUR\u00cdDICO:<\/strong> MARCELO HENRIQUE\u00a0 (Fam\u00edlia marcio frank)<br><strong>DIRETOR PATRIM\u00d4NIO:<\/strong> KLEBER LUIZ DA SILVA (Ol\u00edmpio\/le\u00e3o de jud\u00e1)<br><strong>DIRETOR DE ARBITRAGEM:<\/strong> WELLINGTON MOREIRA (Ol\u00edmpio\/le\u00e3o de jud\u00e1)<br><strong>DIRETORA T\u00c9CNICO:<\/strong> ELIZETE TIMBO (Ciprianos)<br><strong>DIRETOR T\u00c9CNICO:<\/strong> DUILIO WILSON P. ZUNIGA JUNIOR (Busid\u00f4\/Legado)<\/p>\n\n\n\n<figure class=\"wp-block-image size-large is-resized is-style-default\"><img decoding=\"async\" loading=\"lazy\" src=\"https:\/\/fjjro.com.br\/novo\/wp-content\/uploads\/2023\/01\/MG_0393-2-981x1024.jpg\" alt=\"\" class=\"wp-image-27085\" width=\"207\" height=\"216\" srcset=\"https:\/\/fjjro.com.br\/novo\/wp-content\/uploads\/2023\/01\/MG_0393-2-981x1024.jpg 981w, https:\/\/fjjro.com.br\/novo\/wp-content\/uploads\/2023\/01\/MG_0393-2-288x300.jpg 288w, https:\/\/fjjro.com.br\/novo\/wp-content\/uploads\/2023\/01\/MG_0393-2-768x801.jpg 768w, https:\/\/fjjro.com.br\/novo\/wp-content\/uploads\/2023\/01\/MG_0393-2-1472x1536.jpg 1472w, https:\/\/fjjro.com.br\/novo\/wp-content\/uploads\/2023\/01\/MG_0393-2-1963x2048.jpg 1963w\" sizes=\"(max-width: 207px) 100vw, 207px\" \/><figcaption class=\"wp-element-caption\"><strong>PRESIDENTE:<\/strong> GEORGE MARCIO<\/figcaption><\/figure>\n\n\n\n<figure class=\"wp-block-image size-full is-resized is-style-default\"><img decoding=\"async\" loading=\"lazy\" src=\"https:\/\/fjjro.com.br\/novo\/wp-content\/uploads\/2023\/01\/CHAIRO1.jpeg\" alt=\"\" class=\"wp-image-27083\" width=\"182\" height=\"206\" srcset=\"https:\/\/fjjro.com.br\/novo\/wp-content\/uploads\/2023\/01\/CHAIRO1.jpeg 390w, https:\/\/fjjro.com.br\/novo\/wp-content\/uploads\/2023\/01\/CHAIRO1-265x300.jpeg 265w\" sizes=\"(max-width: 182px) 100vw, 182px\" \/><figcaption class=\"wp-element-caption\"><strong>VICE-PRESIDENTE: <\/strong>CHAIRO OL\u00cdMPIO<\/figcaption><\/figure>\n\n\n\n<figure class=\"wp-block-image size-full is-resized is-style-default\"><img decoding=\"async\" loading=\"lazy\" src=\"https:\/\/fjjro.com.br\/novo\/wp-content\/uploads\/2023\/01\/KLEBER.jpeg\" alt=\"\" class=\"wp-image-27084\" width=\"180\" height=\"201\" srcset=\"https:\/\/fjjro.com.br\/novo\/wp-content\/uploads\/2023\/01\/KLEBER.jpeg 359w, https:\/\/fjjro.com.br\/novo\/wp-content\/uploads\/2023\/01\/KLEBER-269x300.jpeg 269w\" sizes=\"(max-width: 180px) 100vw, 180px\" \/><figcaption class=\"wp-element-caption\"><strong>DIRETOR PATRIM\u00d4NIO:<\/strong> KLEBER LUIZ<\/figcaption><\/figure>\n\n\n\n<figure class=\"wp-block-image size-full is-resized\"><img decoding=\"async\" loading=\"lazy\" src=\"https:\/\/fjjro.com.br\/novo\/wp-content\/uploads\/2023\/01\/WhatsApp-Image-2023-01-05-at-08.14.07.jpeg\" alt=\"\" class=\"wp-image-27067\" width=\"191\" height=\"205\" srcset=\"https:\/\/fjjro.com.br\/novo\/wp-content\/uploads\/2023\/01\/WhatsApp-Image-2023-01-05-at-08.14.07.jpeg 422w, https:\/\/fjjro.com.br\/novo\/wp-content\/uploads\/2023\/01\/WhatsApp-Image-2023-01-05-at-08.14.07-279x300.jpeg 279w\" sizes=\"(max-width: 191px) 100vw, 191px\" \/><figcaption class=\"wp-element-caption\"><strong>DIRETOR JUR\u00cdDICO: <\/strong>MARCELO HENRIQUE<\/figcaption><\/figure>\n\n\n\n<figure class=\"wp-block-image size-large is-resized\"><img decoding=\"async\" loading=\"lazy\" src=\"https:\/\/fjjro.com.br\/novo\/wp-content\/uploads\/2023\/12\/IMG_5722-1-768x1024.jpg\" alt=\"\" class=\"wp-image-27523\" width=\"176\" height=\"235\" srcset=\"https:\/\/fjjro.com.br\/novo\/wp-content\/uploads\/2023\/12\/IMG_5722-1-768x1024.jpg 768w, https:\/\/fjjro.com.br\/novo\/wp-content\/uploads\/2023\/12\/IMG_5722-1-225x300.jpg 225w, https:\/\/fjjro.com.br\/novo\/wp-content\/uploads\/2023\/12\/IMG_5722-1-1152x1536.jpg 1152w, https:\/\/fjjro.com.br\/novo\/wp-content\/uploads\/2023\/12\/IMG_5722-1.jpg 1536w\" sizes=\"(max-width: 176px) 100vw, 176px\" \/><figcaption class=\"wp-element-caption\"><strong>DIRETOR DE ARBITRAGEM: <\/strong>WELLINGTON MOREIRA<\/figcaption><\/figure>\n\n\n\n<p><\/p>\n\n\n\n<figure class=\"wp-block-image size-full is-resized\"><img decoding=\"async\" loading=\"lazy\" src=\"https:\/\/fjjro.com.br\/novo\/wp-content\/uploads\/2023\/01\/DUILIO.jpeg\" alt=\"\" class=\"wp-image-27092\" width=\"188\" height=\"229\" srcset=\"https:\/\/fjjro.com.br\/novo\/wp-content\/uploads\/2023\/01\/DUILIO.jpeg 448w, https:\/\/fjjro.com.br\/novo\/wp-content\/uploads\/2023\/01\/DUILIO-247x300.jpeg 247w\" sizes=\"(max-width: 188px) 100vw, 188px\" \/><figcaption class=\"wp-element-caption\"><strong>DIRETOR T\u00c9CNICO:<\/strong> DUILIO WILSON<\/figcaption><\/figure>\n\n\n\n<figure class=\"wp-block-image size-full is-resized\"><img decoding=\"async\" loading=\"lazy\" src=\"https:\/\/fjjro.com.br\/novo\/wp-content\/uploads\/2023\/01\/elizete.jpeg\" alt=\"\" class=\"wp-image-27094\" width=\"192\" height=\"241\" srcset=\"https:\/\/fjjro.com.br\/novo\/wp-content\/uploads\/2023\/01\/elizete.jpeg 557w, https:\/\/fjjro.com.br\/novo\/wp-content\/uploads\/2023\/01\/elizete-239x300.jpeg 239w\" sizes=\"(max-width: 192px) 100vw, 192px\" \/><figcaption class=\"wp-element-caption\"><strong>DIRETORA T\u00c9CNICO:<\/strong> ELIZETE TIMBO<\/figcaption><\/figure>\n\n\n\n<p><strong>Estatuto da FJJRO<\/strong><br><a rel=\"noreferrer noopener\" href=\"https:\/\/fjjro.com.br\/novo\/wp-content\/uploads\/2023\/04\/Estatuto.pdf\" target=\"_blank\">https:\/\/fjjro.com.br\/novo\/wp-content\/uploads\/2023\/04\/Estatuto.pdf<\/a><\/p>\n\n\n\n<p><\/p>\n\n\n\n<p><strong>Regimento Interno das Competi\u00e7\u00f5es<\/strong><br><a href=\"https:\/\/fjjro.com.br\/novo\/wp-content\/uploads\/2023\/04\/Regimento-interno-das-competicoes.pdf\" target=\"_blank\" rel=\"noreferrer noopener\">https:\/\/fjjro.com.br\/novo\/wp-content\/uploads\/2023\/04\/Regimento-interno-das-competicoes.pdf<\/a><\/p>\n","protected":false},"excerpt":{"rendered":"<p>Diretoria da FJJRO PRESIDENTE: GEORGE MARCIO T. SILVA (Fam\u00edlia marcio frank)VICE-PRESIDENTE: CHAIRO OL\u00cdMPIO I. C.\u00a0 ALBUQUERQUE (Ol\u00edmpio\/le\u00e3o de jud\u00e1)1\u00ba SECRET\u00c1RIO:DIRETOR JUR\u00cdDICO: MARCELO HENRIQUE\u00a0 (Fam\u00edlia marcio frank)DIRETOR PATRIM\u00d4NIO: KLEBER LUIZ DA SILVA (Ol\u00edmpio\/le\u00e3o de jud\u00e1)DIRETOR DE ARBITRAGEM: WELLINGTON MOREIRA (Ol\u00edmpio\/le\u00e3o de jud\u00e1)DIRETORA T\u00c9CNICO: ELIZETE TIMBO (Ciprianos)DIRETOR T\u00c9CNICO: DUILIO WILSON P. ZUNIGA JUNIOR (Busid\u00f4\/Legado) Estatuto da FJJROhttps:\/\/fjjro.com.br\/novo\/wp-content\/uploads\/2023\/04\/Estatuto.pdf [&hellip;]<\/p>\n","protected":false},"author":8,"featured_media":27077,"parent":0,"menu_order":0,"comment_status":"closed","ping_status":"closed","template":"","meta":[],"_links":{"self":[{"href":"https:\/\/fjjro.com.br\/novo\/wp-json\/wp\/v2\/pages\/26088"}],"collection":[{"href":"https:\/\/fjjro.com.br\/novo\/wp-json\/wp\/v2\/pages"}],"about":[{"href":"https:\/\/fjjro.com.br\/novo\/wp-json\/wp\/v2\/types\/page"}],"author":[{"embeddable":true,"href":"https:\/\/fjjro.com.br\/novo\/wp-json\/wp\/v2\/users\/8"}],"replies":[{"embeddable":true,"href":"https:\/\/fjjro.com.br\/novo\/wp-json\/wp\/v2\/comments?post=26088"}],"version-history":[{"count":24,"href":"https:\/\/fjjro.com.br\/novo\/wp-json\/wp\/v2\/pages\/26088\/revisions"}],"predecessor-version":[{"id":27524,"href":"https:\/\/fjjro.com.br\/novo\/wp-json\/wp\/v2\/pages\/26088\/revisions\/27524"}],"wp:featuredmedia":[{"embeddable":true,"href":"https:\/\/fjjro.com.br\/novo\/wp-json\/wp\/v2\/media\/27077"}],"wp:attachment":[{"href":"https:\/\/fjjro.com.br\/novo\/wp-json\/wp\/v2\/media?parent=26088"}],"curies":[{"name":"wp","href":"https:\/\/api.w.org\/{rel}","templated":true}]}}