{"id":26072,"date":"2020-11-22T20:41:45","date_gmt":"2020-11-23T00:41:45","guid":{"rendered":"http:\/\/www.fjjro.com.br\/sitenovo\/?page_id=26072"},"modified":"2025-08-21T12:01:22","modified_gmt":"2025-08-21T15:01:22","slug":"academias-registradas","status":"publish","type":"page","link":"https:\/\/fjjro.com.br\/novo\/academias-registradas\/","title":{"rendered":"Academias Registradas"},"content":{"rendered":"<p style=\"text-align: center;\"><span style=\"font-size: 14pt;\"><strong><span style=\"font-size: 18pt; color: #0000ff;\">Ativas at\u00e9 31\/12\/2025<\/span><\/strong><\/span><\/p>\n<p>AGREMIA\u00c7\u00c3O N. 1: FAM\u00cdLIA MARCIO FRANK<br \/>\nRespons\u00e1vel T\u00e9cnico: MARCIO FRANK GRADUA\u00c7\u00c3O: PRETA 4\u00ba GRAU<br \/>\nEndere\u00e7o: R. RAFAEL VAZ E SILVA, 1000, ROQUE, PORTO VELHO, RO<\/p>\n<hr \/>\n<p>AGREMIA\u00c7\u00c3O N. 2: BUSHID\u00d4\/LEGADO<br \/>\nRespons\u00e1vel T\u00e9cnico: ALEXANDRE THOMAZ HARRISON GRADUA\u00c7\u00c3O: PRETA 3\u00ba GRAU<br \/>\nEndere\u00e7o: AV. SABINO BEZERRA DE QUEIROZ, 5422, JARDIM ELDORADO, VILHENA, RO<\/p>\n<hr \/>\n<p>AGREMIA\u00c7\u00c3O N. 5: RONALDO BLACK TEAM JIU-JITSU<br \/>\nRespons\u00e1vel T\u00e9cnico: REGINALDO BARBOSA LIMA<br \/>\nEndere\u00e7o: RUA PORTO ALEGRE, 213, EMBRATEL, PORTO VELHO, RO<\/p>\n<hr \/>\n<p>AGREMIA\u00c7\u00c3O N. 7: ALMIR MARCELO BRAZILIAN JIU-JITSU<br \/>\nRespons\u00e1vel T\u00e9cnico: ALMIR MARCELO OLIVEIRA VIANA GRADUA\u00c7\u00c3O: PRETA 3\u00ba GRAU<br \/>\nEndere\u00e7o: RUA VICTOR FERREIRA MANAHIBA, 1422, PORTO VELHO, RO<\/p>\n<hr \/>\n<p>AGREMIA\u00c7\u00c3O N. 8: OL\u00cdMPIO\/LE\u00c3O DE JUD\u00c1<br \/>\nRespons\u00e1vel T\u00e9cnico: CHAISE OLIMPIO IVO CAVALCANTE ALBUQUERQUE<br \/>\nEndere\u00e7o: RUA GUANABARA, 1336, NOSSA SENHORA DAS GRA\u00c7AS,\u00a0 PORTO VELHO, RO<\/p>\n<hr \/>\n<p>AGREMIA\u00c7\u00c3O N. 15: GABRIEL DOJO<br \/>\nRespons\u00e1vel T\u00e9cnico: ANER GABRIEL AMARAL DA ROSA<br \/>\nEndere\u00e7o: RUA TOLEDO, 2647, JARDIM VIT\u00f3RIA, ARIQUEMES, RO<\/p>\n<hr \/>\n<p>AGREMIA\u00c7\u00c3O N. 16: J.E.C.T CHECKMAT.PVH<br \/>\nRespons\u00e1vel T\u00e9cnico: JOSELINO ASSUN\u00c7\u00c3O COUTINHO<br \/>\nEndere\u00e7o: Jo\u00e3o Pedro da Rocha subesquina com calama, 3220 , PORTO VELHO, RO<\/p>\n<hr \/>\n<p>AGREMIA\u00c7\u00c3O N. 27: DE LA RIVA PORTO VELHO<br \/>\nRespons\u00e1vel T\u00e9cnico: WESCLEY CAMPOS GUERRA<br \/>\nEndere\u00e7o: RUA CRISTINA , 6653, IGARAPE, PORTO VELHO, RO<\/p>\n<hr \/>\n<p>AGREMIA\u00c7\u00c3O N. 28: PRETORIUM TEAM<br \/>\nRespons\u00e1vel T\u00e9cnico: JOSE PERREIRA DA PAIX\u00c3O GRADUA\u00c7\u00c3O: PRETA 2\u00ba GRAU<br \/>\nEndere\u00e7o:\u00a0 Travessa S\u00e3o Luiz, Setor 03, Ariquemes, Rond\u00f4nia, RO<\/p>\n<hr \/>\n<p>AGREMIA\u00c7\u00c3O N. 30: RS TEAM<br \/>\nRespons\u00e1vel T\u00e9cnico: ROBSON SIQUEIRA DA SILVA GRADUA\u00c7\u00c3O: PRETA 3\u00ba GRAU<br \/>\nEndere\u00e7o: <span class=\"selectable-text copyable-text\">RUA NATAL 2311, BAIRRO SETOR 3<\/span>, ARIQUEMES, RO<\/p>\n<hr \/>\n<p>AGREMIA\u00c7\u00c3O N. 32: HUMAIT\u00c1 JIU-JITSU<br \/>\nRespons\u00e1vel T\u00e9cnico: HOMERO ALMEIDA<br \/>\nEndere\u00e7o: RUA MARECHAL DEODORO, 2386B, BAIRRO NOVO CENTEN\u00c1RIO.\u00a0 Humait\u00e1 &#8211; AM<\/p>\n<hr \/>\n<p>AGREMIA\u00c7\u00c3O N. 36: EMBALLUS<br \/>\nRespons\u00e1vel T\u00e9cnico: VANDERLEI RODRIGUES DO CARMO<br \/>\nEndere\u00e7o: CENTRO, JI-PARAN\u00c1, RO<\/p>\n<hr \/>\n<p>AGREMIA\u00c7\u00c3O N. 37: IMPACTO BRASIL JIU-JITSU<br \/>\nRespons\u00e1vel T\u00e9cnico: ROG\u00e9RIO HAYLA SILVA<br \/>\nEndere\u00e7o: TRES MARIAS, PORTO VELHO, RO<\/p>\n<hr \/>\n<p>AGREMIA\u00c7\u00c3O N. 41: KOBRA TEAM JIU-JITSU<br \/>\nRespons\u00e1vel T\u00e9cnico: DEIBSON SILVA VARELA<br \/>\nEndere\u00e7o: AV. BRASIL, 1988, NOVA BRASILIA,JI-PARAN\u00c1, RO<\/p>\n<hr \/>\n<p>AGREMIA\u00c7\u00c3O N. 47: TZ JIU-JITSU<br \/>\nRespons\u00e1vel T\u00e9cnico: PEDRO HENRIQUE TOZZO\u00a0 GRADUA\u00c7\u00c3O: PRETA 1\u00ba GRAU<br \/>\nEndere\u00e7o: Rua Advogado Valter Nunes De Almeida, 1056 &#8211; Centro, Cacoal &#8211; RO, 76964-004<\/p>\n<hr \/>\n<p>AGREMIA\u00c7\u00c3O N. 53: WVA JIU-JITSU AEROCLUB<br \/>\nRespons\u00e1vel T\u00e9cnico: WASHINGTON VILA\u00e7A DE ALMEIDA<br \/>\nEndere\u00e7o: RUA MONDAL, AEROCLUBE, PORTO VELHO, RO<\/p>\n<hr \/>\n<p>AGREMIA\u00c7\u00c3O N. 54: PATR\u00cdCIO BJJ<br \/>\nRespons\u00e1vel T\u00e9cnico: DIEGO ARAUJO PATRICIO<br \/>\nEndere\u00e7o: RUA AFONSO PENA, N\u00b0 408, CENTRO, PORTO VELHO, RO, CEP 76801-100<\/p>\n<hr \/>\n<p>AGREMIA\u00c7\u00c3O N. 62: OMAR SALUM ACRE CAVEIRAS<br \/>\nRespons\u00e1vel T\u00e9cnico: STANLEY KENNEDY DOS SANTOS DE LIMA<br \/>\nEndere\u00e7o: TRAVESSA 25 DEZEMBRO, 72, TANCREDO NEVES, RIO BRANCO , AC<\/p>\n<hr \/>\n<p>AGREMIA\u00c7\u00c3O N. 63: INSTITUTO VENCEDORES EM CRISTO<br \/>\nRespons\u00e1vel T\u00e9cnico: MARCO AURELIO DE SOUZA BARROS<br \/>\nEndere\u00e7o: AVENIDA CUIAB\u00c1, 4311, CENTRO, NOVA DIMEN\u00c7\u00c3O, RO<\/p>\n<hr \/>\n<p>AGREMIA\u00c7\u00c3O N. 64: CT LUCIANO \u00b4 S JIU-JITSU<br \/>\nRespons\u00e1vel T\u00e9cnico: HUENO GILVANE MOURA LUCIANO<br \/>\nEndere\u00e7o: AV. RIO MADEIRA, 6379, NOVA ESPERAN\u00c7A, PORTO VELHO, RO<\/p>\n<hr \/>\n<p>AGREMIA\u00c7\u00c3O N. 58: AAJJ JIU-JITSU<br \/>\nRespons\u00e1vel T\u00e9cnico: EMERSON MELO DA SILVA<br \/>\nEndere\u00e7o: MORADA DO SOL, \u00a0 RIO BRANCO, AC<\/p>\n<hr \/>\n<p>AGREMIA\u00c7\u00c3O N. 59: ACADEMIA ATITUDE JIU-JITSU<br \/>\nRespons\u00e1vel T\u00e9cnico: S\u00c1VIO GOMES FREITAS<br \/>\nEndere\u00e7o: MORADA DO SOL,\u00a0 RIO BRANCO, AC<\/p>\n<hr \/>\n<p>AGREMIA\u00c7\u00c3O N. 60: RM TOP TEAM<br \/>\nRespons\u00e1vel T\u00e9cnico: ANTONY REYNALDO LIMA FERREIRA<br \/>\nEndere\u00e7o: PADRE LUIZ VEZON, 1626, S\u00c3O PEDRO, HUMAIT\u00c1, AM<\/p>\n<hr \/>\n<p>AGREMIA\u00c7\u00c3O N. 68: FCORE BJJ ACADEMY<br \/>\nRespons\u00e1vel T\u00e9cnico: TIAGO RAONI DE FIGUEIREDO CORREIA<br \/>\nEndere\u00e7o: RUA JOAQUI NABUCO,\u00a0 2865, OL\u00c1RIA,\u00a0 PORTO VELHO, RO<\/p>\n<hr \/>\n<p>AGREMIA\u00c7\u00c3O N. 69: PAC ESCOLA BRASILEIRA DE JIU-JITSU<br \/>\nRespons\u00e1vel T\u00e9cnico: ERIC GEORGE TOMAZ SIDRIM\u00a0 GRADUA\u00c7\u00c3O: PRETA 2\u00ba GRAU<br \/>\nEndere\u00e7o: RUA ALMIRANTE BARROSO, 1148, PORTO VELHO, RO<\/p>\n<p style=\"text-align: center;\"><span style=\"font-size: 14pt;\"><strong><span style=\"font-size: 18pt; color: #0000ff;\">Ativas at\u00e9 31\/12\/2024<\/span><\/strong><\/span><\/p>\n<hr \/>\n<p>AGREMIA\u00c7\u00c3O N. 4: TUBAR\u00c3O<br \/>\nRespons\u00e1vel T\u00e9cnico: MARCELO ALVES CARDOSO\u00a0 \u00a0 \u00a0 \u00a0GRADUA\u00c7\u00c3O: PRETA 4\u00ba GRAU<br \/>\nEndere\u00e7o: RUA REG\u00d3RIO ALEGRE, 6304, APONI\u00c3, PORTO VELHO, RO<\/p>\n<hr \/>\n<p>AGREMIA\u00c7\u00c3O N. 9: JJR TOP TEAM BJJ<br \/>\nRespons\u00e1vel T\u00e9cnico: JOAO DA SILVA JUNIOR<br \/>\nEndere\u00e7o: RUA JO\u00e3O PEDRO DA ROCHA, N: 2595; B: EMBRATEL, PORTO VELHO, RO<\/p>\n<hr \/>\n<p>AGREMIA\u00c7\u00c3O N. 11: CIPRIANOS<br \/>\nRespons\u00e1vel T\u00e9cnico: JONAS RAMOS CIPRIANO<br \/>\nEndere\u00e7o: RUA MEXICO, 1754, NOVA PORTO VELHO, PORTO VELHO, RO<\/p>\n<hr \/>\n<p>AGREMIA\u00c7\u00c3O N. 17: TEAM VIANA<br \/>\nRespons\u00e1vel T\u00e9cnico: BRUNO RAFAEL VIANA PEREIRA<br \/>\nEndere\u00e7o: RUA MARECHAL DEODORO DA FONSECA, 103 &#8211; CENTRO, VILHENA<\/p>\n<hr \/>\n<p>AGREMIA\u00c7\u00c3O N. 40: CT IVISON SILVA BRAZILIAN JIU-JITSU<br \/>\nRespons\u00e1vel T\u00e9cnico: IVISON RODRIGUES DA SILVA<br \/>\nEndere\u00e7o: RUA GOIAS, 166, TUCUMANZAL, PORTO VELHO, RO<\/p>\n<hr \/>\n<p>AGREMIA\u00c7\u00c3O N. 46: SETE BASE<br \/>\nRespons\u00e1vel T\u00e9cnico: MARCIO DANIEL HIRANO<br \/>\nEndere\u00e7o: AV. SETE DE SETEMBRO, 2660, ESPIG\u00c3O DO OESTE, RO<\/p>\n<hr \/>\n<p>AGREMIA\u00c7\u00c3O N. 49: GRACIE BARRA<br \/>\nRespons\u00e1vel T\u00e9cnico: LEONARDO VIDA CALID<br \/>\nEndere\u00e7o: VIA PARQUE DA MATERNIDADE, 235, CAPOEIRA,\u00a0 RIO BRANCO, AC<\/p>\n<hr \/>\n<p>AGREMIA\u00c7\u00c3O N. 55: AAMEP\/EGA SAPEZAL<br \/>\nRespons\u00e1vel T\u00e9cnico: EBERSON GODOFREDO<br \/>\nEndere\u00e7o: SAPEZAL, MATO GROSSO, MT<\/p>\n<hr \/>\n<p>AGREMIA\u00c7\u00c3O N. 56: GURIZIN TEAM<br \/>\nRespons\u00e1vel T\u00e9cnico: MACIEL DA SILVA SOUZA<br \/>\nEndere\u00e7o: NOVA LACERDA, MATO GROSSO, MT<\/p>\n<hr \/>\n<p>AGREMIA\u00c7\u00c3O N. 57: TEAM DELA RIVA PORTO VELHO<br \/>\nRespons\u00e1vel T\u00e9cnico: RICARDO DE LA RIVA GODED<br \/>\nEndere\u00e7o: R. JOS\u00c9 VIEIRA CAULA, ESPERAN\u00c7A DA COMUNIDADE, 7172, 76825144, PORTO VELHO, RO<\/p>\n<hr \/>\n<p>AGREMIA\u00c7\u00c3O N. 61: TEAM JR<br \/>\nRespons\u00e1vel T\u00e9cnico: MARINO SCHOTTEN JUNIOR<br \/>\nEndere\u00e7o: UNI\u00c3O, \u00a0 OURO PRETO,\u00a0 RO<\/p>\n<hr \/>\n<p style=\"text-align: center;\"><strong><span style=\"font-size: 18pt; color: #ff0000;\">Registros Inadimplentes<\/span><\/strong><\/p>\n<hr \/>\n<p>AGREMIA\u00c7\u00c3O N. 26: CLUBE DE LUTAS<br \/>\nRespons\u00e1vel T\u00e9cnico: LEANDRO DE ALMEIDA<br \/>\nEndere\u00e7o: RUA CANID\u00c9, 10146, ZONA SUL, MARCOS FREIRE, PORTO VELHO, RO<\/p>\n<p>AGREMIA\u00c7\u00c3O N. 34: CENTRO DE LUTAS JANDERVAM MAIA<br \/>\nRespons\u00e1vel T\u00e9cnico: JANDERVAN PEREIRA<br \/>\nEndere\u00e7o: RIO BRANCO, AC<\/p>\n<hr \/>\n<p>AGREMIA\u00c7\u00c3O N. 44: RF TEAM<br \/>\nRespons\u00e1vel T\u00e9cnico: RIVELINO PEREIRA DE SOUZA<br \/>\nEndere\u00e7o: RUA BELEM, 372, NOVA ESTA\u00c7\u00c3O, RIO BRANCO, AC<\/p>\n<hr \/>\n<p>AGREMIA\u00c7\u00c3O N. 48: PROJETO SOCIAL ARTE SUAVE &#8211; PSAS<br \/>\nRespons\u00e1vel T\u00e9cnico: CLAUDEVAN MARTINS OLIVEIRA<br \/>\nEndere\u00e7o: RUA FAUSTO MAIA, 1961, NOVA ESPERAN\u00c7A, HUMAIT\u00c1, AM<\/p>\n<hr \/>\n<p style=\"text-align: left;\">AGREMIA\u00c7\u00c3O N. 42: JL TEAM<br \/>\nRespons\u00e1vel T\u00e9cnico: J\u00e2NIO DE OLIVEIRA LIRA<br \/>\nEndere\u00e7o: BOA UNI\u00c3O, 235, RIO BRANCO, AC<\/p>\n<p>AGREMIA\u00c7\u00c3O N. 33: RENNER MARTINS BJJ\/CHECKMAT<br \/>\nRespons\u00e1vel T\u00e9cnico: RENNER MAIORGA MARTINS<br \/>\nEndere\u00e7o: RUA GOIAS, 166, TUCUMANZAL, PORTO VELHO, RO<\/p>\n<hr \/>\n<p>AGREMIA\u00c7\u00c3O N. 39: NOVA UNI\u00e3O ROND\u00f4NIA<br \/>\nRespons\u00e1vel T\u00e9cnico: PEDRO ALC\u00e2NTRA FALC\u00e3O FILHO<br \/>\nEndere\u00e7o: RUA JOSE CAMACHO, 2270, S\u00c3O JO\u00c3O BOSCO, PORTO VELHO, RO<\/p>\n<hr \/>\n<p>AGREMIA\u00c7\u00c3O N. 38: MANAUS DOJ\u00d4 PVHE<br \/>\nRespons\u00e1vel T\u00e9cnico: CLEVES FILIP GOIANO DE MATOS<br \/>\nEndere\u00e7o: ESTRADA 13 DE SETEMBRO, AEROCLUBE, PORTO VELHO, RO<\/p>\n<hr \/>\n<hr \/>\n<p>AGREMIA\u00c7\u00c3O N. 51: FIGHT HOUSE 364<br \/>\nRespons\u00e1vel T\u00e9cnico: CESAR AUGUSTO WANDERLEY<br \/>\nEndere\u00e7o: RUA URUGUAI, EMBRATEL, PORTO VELHO, RO<\/p>\n<p>AGREMIA\u00c7\u00c3O N. 52: CLUBE SHOTOKAN ESPORTIVO &#8211; CSE<br \/>\nRespons\u00e1vel T\u00e9cnico: JULIO CESAR PERES DE MORAIS<br \/>\nEndere\u00e7o: RUA OSORIO, CASTANHEIRA, PORTO VELHO, RO<\/p>\n<p>AGREMIA\u00c7\u00c3O N. 18: ZENITH BJJ Respons\u00e1vel T\u00e9cnico: MURILO PIERUCCI DE SOUZA Endere\u00e7o: RUA DOS GIRASSOIS, 1523 SW, CIDEZL II, SAPEZAL, MT<\/p>\n<p>AGREMIA\u00c7\u00c3O N. 21: CHECKMAT ROND\u00d4NIA Respons\u00e1vel T\u00e9cnico: JOS\u00c9 SILVA Endere\u00e7o: RUA AB\u00edLIO FREIRE DOS SANTOS, 212, DOIS DE ABRIL, JI-PARAN\u00e1, RO<\/p>\n<p>AGREMIA\u00c7\u00c3O N. 29: TATAME ROOTS Respons\u00e1vel T\u00e9cnico: BERGSON OLIVEIRA Endere\u00e7o: RUA. RAIMUNDO CANTUARIA, 2290, MATO GROSSO, PORTO VELHO, RO<\/p>\n<p>AGREMIA\u00c7\u00c3O N. 31: CENTRO DE TREINAMENTO COE Respons\u00e1vel T\u00e9cnico: ANDERSON AMAZONAS<\/p>\n<p>MAIA Endere\u00e7o: AV. GETULIO VARGAS, 3149, VILA INOVETE, RIO BRANCO, AC<\/p>\n<p>AGREMIA\u00c7\u00c3O N. 35: GAME FIGHT Respons\u00e1vel T\u00e9cnico: ENDER RODRIGUES SANTOS DE OLIVEIRA Endere\u00e7o: AV. CASTELO BRANCO, 2797, 10 DE ABRIL, PORTO VELHO, RO<\/p>\n<p>AGREMIA\u00c7\u00c3O N. 12: OLIVEIRA TEAM Respons\u00e1vel T\u00e9cnico: DANT FRANCISCO DE OLIVEIRA<\/p>\n<p>AGREMIA\u00c7\u00c3O N. 22: NOVA UNI\u00c3O Respons\u00e1vel T\u00e9cnico: LEANDRO DE ALMEIDA SOUZA ASSUN\u00c7\u00c3O<\/p>\n<p>AGREMIA\u00c7\u00c3O N. 19: ARENA COMBATE Respons\u00e1vel T\u00e9cnico: JOS\u00c9 NELSON MULLER<\/p>\n<p>AGREMIA\u00c7\u00c3O N. 24: CT PAULO FIGUEIREDO BJJ Respons\u00e1vel T\u00e9cnico: PAULO JOSE NEVES DE FIGUEIREDO<\/p>\n<p>AGREMIA\u00c7\u00c3O N. 10: RICARDO CAVALCANTE Respons\u00e1vel T\u00e9cnico: CAVALCANTE TEAM JIU-JITSU<\/p>\n","protected":false},"excerpt":{"rendered":"<p>Ativas at\u00e9 31\/12\/2025 AGREMIA\u00c7\u00c3O N. 1: FAM\u00cdLIA MARCIO FRANK Respons\u00e1vel T\u00e9cnico: MARCIO FRANK GRADUA\u00c7\u00c3O: PRETA 4\u00ba GRAU Endere\u00e7o: R. RAFAEL VAZ E SILVA, 1000, ROQUE, PORTO VELHO, RO AGREMIA\u00c7\u00c3O N. 2: BUSHID\u00d4\/LEGADO Respons\u00e1vel T\u00e9cnico: ALEXANDRE THOMAZ HARRISON GRADUA\u00c7\u00c3O: PRETA 3\u00ba GRAU Endere\u00e7o: AV. SABINO BEZERRA DE QUEIROZ, 5422, JARDIM ELDORADO, VILHENA, RO AGREMIA\u00c7\u00c3O N. 5: [&hellip;]<\/p>\n","protected":false},"author":8,"featured_media":0,"parent":0,"menu_order":0,"comment_status":"closed","ping_status":"closed","template":"","meta":[],"_links":{"self":[{"href":"https:\/\/fjjro.com.br\/novo\/wp-json\/wp\/v2\/pages\/26072"}],"collection":[{"href":"https:\/\/fjjro.com.br\/novo\/wp-json\/wp\/v2\/pages"}],"about":[{"href":"https:\/\/fjjro.com.br\/novo\/wp-json\/wp\/v2\/types\/page"}],"author":[{"embeddable":true,"href":"https:\/\/fjjro.com.br\/novo\/wp-json\/wp\/v2\/users\/8"}],"replies":[{"embeddable":true,"href":"https:\/\/fjjro.com.br\/novo\/wp-json\/wp\/v2\/comments?post=26072"}],"version-history":[{"count":119,"href":"https:\/\/fjjro.com.br\/novo\/wp-json\/wp\/v2\/pages\/26072\/revisions"}],"predecessor-version":[{"id":27962,"href":"https:\/\/fjjro.com.br\/novo\/wp-json\/wp\/v2\/pages\/26072\/revisions\/27962"}],"wp:attachment":[{"href":"https:\/\/fjjro.com.br\/novo\/wp-json\/wp\/v2\/media?parent=26072"}],"curies":[{"name":"wp","href":"https:\/\/api.w.org\/{rel}","templated":true}]}}