{"id":25937,"date":"2020-11-21T22:11:52","date_gmt":"2020-11-22T02:11:52","guid":{"rendered":"http:\/\/www.fjjro.com.br\/sitenovo\/?page_id=25937"},"modified":"2023-01-04T14:07:30","modified_gmt":"2023-01-04T17:07:30","slug":"registro-de-atletas","status":"publish","type":"page","link":"https:\/\/fjjro.com.br\/novo\/registro-de-atletas\/","title":{"rendered":"Registro de Atletas"},"content":{"rendered":"<p>Os atletas cadastrados \u00e0 FJJRO\u00a0ter\u00e3o as suas gradua\u00e7\u00f5es reconhecidas por um org\u00e3o oficial do esporte no Brasil (CBJJ) e no mundo (IBJJF). Mantendo o cadastro de atleta v\u00e1lido e atualizado, voc\u00ea ajuda a FJJRO a preservar o hist\u00f3rico dos praticantes, competidores e professores.<\/p>\n<p>Para se inscrever nas competi\u00e7\u00f5es realizadas pela FJJRO, todos os atletas residentes no Brasil precisam ter os seus cadastros na FJJRO atualizados e v\u00e1lidos para o ano.<\/p>\n<p>Para se cadastrar, clique no bot\u00e3o abaixo.<\/p>\n<p><a href=\"http:\/\/www.fjjro.com.br\/atletas\/registroAtleta.php\" target=\"_blank\" rel=\"noopener noreferrer\"><img decoding=\"async\" loading=\"lazy\" class=\"alignnone size-medium wp-image-25938\" src=\"http:\/\/www.fjjro.com.br\/sitenovo\/wp-content\/uploads\/2020\/11\/Click-aqui-300x90-1.png\" alt=\"\" width=\"300\" height=\"90\" \/><\/a><\/p>\n<p>Valores para cadastro na FJJRO:<\/p>\n<ul>\n<li>Novo cadastro ou renova\u00e7\u00e3o\u00a0de cadastro\n<ul>\n<li>Diploma da Gradua\u00e7\u00e3o (Caso seja Graduado \u2013 AZUL, ROXA, MARROM E PRETA);<\/li>\n<li>Taxa da\u00a0nova carteira:\u00a0<strong>R$40,00;<\/strong><\/li>\n<li>Uma Foto Atualizada.<\/li>\n<li>(inclusive renova\u00e7\u00e3o de cadastro para atletas que est\u00e3o graduando nas faixas marrom e preta)<\/li>\n<\/ul>\n<\/li>\n<li>2\u00aa\u00a0via de cadastro:\u00a0Caso o atleta j\u00e1 possua registro v\u00e1lido no ano corrente, nos caso de mudan\u00e7a de academia, perda, ou solicitar apenas uma nova carteira:\u00a0<strong>R$40,00<\/strong><\/li>\n<li>Mudan\u00e7a de Faixa (Gradua\u00e7\u00e3o):\n<ul>\n<li>\n<ul>\n<li>Diploma da Gradua\u00e7\u00e3o de sua academia devidamente assinado pelo Professor Respons\u00e1vel;<\/li>\n<li>Taxa da\u00a0nova carteira:\u00a0<strong>R$40,00;<\/strong><\/li>\n<li>Uma Foto Atualizada.<\/li>\n<\/ul>\n<\/li>\n<\/ul>\n<\/li>\n<\/ul>\n","protected":false},"excerpt":{"rendered":"<p>Os atletas cadastrados \u00e0 FJJRO\u00a0ter\u00e3o as suas gradua\u00e7\u00f5es reconhecidas por um org\u00e3o oficial do esporte no Brasil (CBJJ) e no mundo (IBJJF). Mantendo o cadastro de atleta v\u00e1lido e atualizado, voc\u00ea ajuda a FJJRO a preservar o hist\u00f3rico dos praticantes, competidores e professores. Para se inscrever nas competi\u00e7\u00f5es realizadas pela FJJRO, todos os atletas residentes [&hellip;]<\/p>\n","protected":false},"author":8,"featured_media":0,"parent":0,"menu_order":0,"comment_status":"closed","ping_status":"closed","template":"","meta":[],"_links":{"self":[{"href":"https:\/\/fjjro.com.br\/novo\/wp-json\/wp\/v2\/pages\/25937"}],"collection":[{"href":"https:\/\/fjjro.com.br\/novo\/wp-json\/wp\/v2\/pages"}],"about":[{"href":"https:\/\/fjjro.com.br\/novo\/wp-json\/wp\/v2\/types\/page"}],"author":[{"embeddable":true,"href":"https:\/\/fjjro.com.br\/novo\/wp-json\/wp\/v2\/users\/8"}],"replies":[{"embeddable":true,"href":"https:\/\/fjjro.com.br\/novo\/wp-json\/wp\/v2\/comments?post=25937"}],"version-history":[{"count":4,"href":"https:\/\/fjjro.com.br\/novo\/wp-json\/wp\/v2\/pages\/25937\/revisions"}],"predecessor-version":[{"id":27020,"href":"https:\/\/fjjro.com.br\/novo\/wp-json\/wp\/v2\/pages\/25937\/revisions\/27020"}],"wp:attachment":[{"href":"https:\/\/fjjro.com.br\/novo\/wp-json\/wp\/v2\/media?parent=25937"}],"curies":[{"name":"wp","href":"https:\/\/api.w.org\/{rel}","templated":true}]}}