{"id":25721,"date":"2020-11-16T13:16:08","date_gmt":"2020-11-16T17:16:08","guid":{"rendered":"http:\/\/www.fjjro.com.br\/sitenovo\/?page_id=25721"},"modified":"2023-01-04T11:45:02","modified_gmt":"2023-01-04T14:45:02","slug":"registro-academia__trashed","status":"publish","type":"page","link":"https:\/\/fjjro.com.br\/novo\/registro-academia__trashed\/","title":{"rendered":"REGISTRE SUA ACADEMIA"},"content":{"rendered":"<p><b>Por que devo registrar minha academia?<\/b><\/p>\n<p>Registrando sua academia seus alunos poder\u00e3o solicitar suas carteiras da FJJRO. Seus alunos ter\u00e3o tamb\u00e9m o privil\u00e9gio de representar sua academia ao se inscreverem para competir em eventos realizados pela FJJRO.<\/p>\n<p><b>Quais s\u00e3o os requerimentos para registrar uma academia?<\/b><\/p>\n<p>Como requerimento, o professor deve ser faixa preta com&nbsp;Registro na&nbsp;<strong>CBJJ<\/strong>&nbsp; e na&nbsp;<strong>FJJRO<\/strong>&nbsp; .<\/p>\n<p><b>Como registrar minha academia?<\/b><\/p>\n<p>Voc\u00ea pode registrar sua academia preenchendo o formul\u00e1rio de registro de academia<\/p>\n<p><a href=\"http:\/\/www.fjjro.com.br\/wp-content\/uploads\/2015\/10\/formulario.pdf\" target=\"_blank\" rel=\"noopener noreferrer\"><img decoding=\"async\" loading=\"lazy\" class=\"alignnone size-medium wp-image-78\" src=\"http:\/\/www.fjjro.com.br\/wp-content\/uploads\/2015\/10\/ImagenFormulario-232x300.jpg\" sizes=\"(max-width: 232px) 100vw, 232px\" srcset=\"http:\/\/www.fjjro.com.br\/wp-content\/uploads\/2015\/10\/ImagenFormulario-232x300.jpg 232w, http:\/\/www.fjjro.com.br\/wp-content\/uploads\/2015\/10\/ImagenFormulario.jpg 525w\" alt=\"ImagenFormulario\" width=\"232\" height=\"300\"><\/a><\/p>\n<p>O formul\u00e1rio dever\u00e1 ser preenchido e assinado pelo professor respons\u00e1vel e depois enviado&nbsp;para&nbsp;<b>cadastro@fjjro.com.br.<\/b><\/p>\n<p>Caso a academia fa\u00e7a parte de uma associa\u00e7\u00e3o, o&nbsp;respons\u00e1vel pela&nbsp;associa\u00e7\u00e3o tamb\u00e9m precisa assinar o formul\u00e1rio.<\/p>\n<p>Essa documenta\u00e7\u00e3o ser\u00e1 analizada e est\u00e1 sujeita a aprova\u00e7\u00e3o pela FJJRO, este processo pode levar at\u00e9 30 dias para ser finalizado.<\/p>\n<p><strong>Qual o valor para registro ou renova\u00e7\u00e3o de registro de academia?<\/strong><\/p>\n<p>O registro de nova academia e renova\u00e7\u00e3o tem o custo de R$100.00.<\/p>\n<p>*N\u00e3o envie pagamento. Uma vez que o registro da academia for aprovado, n\u00f3s enviaremos instru\u00e7\u00f5es para pagamento via e-mail.<br \/>\nO registro da academia ser\u00e1 finalizado quando o pagamento for efetuado.<\/p>\n<p><strong>Quando devo renovar o registro de minha academia?<\/strong><\/p>\n<p>O registro de sua academia deve ser renovado toda vez que forem feitos mudan\u00e7as nas informa\u00e7\u00f5es da academia (ex. endere\u00e7o, nome da equipe, inseirir ou retirar professores autorizados a assinar cadastro de atletas sob a equipe, adicionar novos times, etc.). O respons\u00e1vel pela associa\u00e7\u00e3o&nbsp;deve sempre assinar a ficha de renova\u00e7\u00e3o.<\/p>\n<p>Obs: Somente academias com registro v\u00e1lido para o ano corrente s\u00e3o listadas na p\u00e1gina de academias registradas no site da FJJRO<\/p>\n","protected":false},"excerpt":{"rendered":"<p>Por que devo registrar minha academia? Registrando sua academia seus alunos poder\u00e3o solicitar suas carteiras da FJJRO. Seus alunos ter\u00e3o tamb\u00e9m o privil\u00e9gio de representar sua academia ao se inscreverem para competir em eventos realizados pela FJJRO. Quais s\u00e3o os requerimentos para registrar uma academia? Como requerimento, o professor deve ser faixa preta com&nbsp;Registro na&nbsp;CBJJ&nbsp; [&hellip;]<\/p>\n","protected":false},"author":6,"featured_media":0,"parent":0,"menu_order":0,"comment_status":"closed","ping_status":"closed","template":"","meta":[],"_links":{"self":[{"href":"https:\/\/fjjro.com.br\/novo\/wp-json\/wp\/v2\/pages\/25721"}],"collection":[{"href":"https:\/\/fjjro.com.br\/novo\/wp-json\/wp\/v2\/pages"}],"about":[{"href":"https:\/\/fjjro.com.br\/novo\/wp-json\/wp\/v2\/types\/page"}],"author":[{"embeddable":true,"href":"https:\/\/fjjro.com.br\/novo\/wp-json\/wp\/v2\/users\/6"}],"replies":[{"embeddable":true,"href":"https:\/\/fjjro.com.br\/novo\/wp-json\/wp\/v2\/comments?post=25721"}],"version-history":[{"count":2,"href":"https:\/\/fjjro.com.br\/novo\/wp-json\/wp\/v2\/pages\/25721\/revisions"}],"predecessor-version":[{"id":27000,"href":"https:\/\/fjjro.com.br\/novo\/wp-json\/wp\/v2\/pages\/25721\/revisions\/27000"}],"wp:attachment":[{"href":"https:\/\/fjjro.com.br\/novo\/wp-json\/wp\/v2\/media?parent=25721"}],"curies":[{"name":"wp","href":"https:\/\/api.w.org\/{rel}","templated":true}]}}